{"id":429,"date":"2022-12-12T10:48:12","date_gmt":"2022-12-12T10:48:12","guid":{"rendered":"https:\/\/www.baddingkioski.fi\/index.php\/home\/"},"modified":"2025-05-15T13:18:53","modified_gmt":"2025-05-15T13:18:53","slug":"home","status":"publish","type":"page","link":"https:\/\/www.baddingkioski.fi\/","title":{"rendered":"Badding-kioski"},"content":{"rendered":"\n<div class=\"wp-block-uagb-container uagb-block-30c4d286 alignfull uagb-is-root-container\">\n<div class=\"wp-block-uagb-container uagb-block-739726e3\"><\/div>\n\n\n\n<div class=\"wp-block-uagb-container uagb-block-2450bb19\">\n<div class=\"wp-block-uagb-advanced-heading uagb-block-ba936116\"><h1 class=\"uagb-heading-text\">TERVETULOA PARATIISIIN<\/h1><\/div>\n\n\n\n<p class=\"has-ast-global-color-5-color has-text-color\">Sympaattinen ja nostalginen Badding-kioski palvelee kes\u00e4isin Someron Hirsj\u00e4rvell\u00e4, Helsingintien varressa. Myynniss\u00e4 on klassiset kioskiherkut munkista kahviin, lis\u00e4ksi virkist\u00e4vi\u00e4 limonadeja, Isontuvan J\u00e4\u00e4tel\u00f6herkkuja sek\u00e4 Badding-fanituotteita. Kioski on avoinna:<\/p>\n\n\n\n<p class=\"has-text-align-left has-ast-global-color-5-color has-text-color\"><strong><strong>Olemme auki ajalla 1.6.\u20132.8.2025<\/strong><\/strong><br>ke, to, pe klo 11-18 \/ la-su klo 10-18<br><br>OTA YHTEYTT\u00c4!  someron@yrittajat.fi<\/p>\n\n\n\n<div style=\"height:20px\" aria-hidden=\"true\" class=\"wp-block-spacer\"><\/div>\n\n\n\n<div class=\"wp-block-uagb-icon-list uagb-block-c4ebc8e5\"><div class=\"uagb-icon-list__wrap\">\n<div class=\"wp-block-uagb-icon-list-child uagb-block-5e2adcc3\"><a target=\"_blank\" aria-label=\"Helsingintie 925, 31460 Hirsj\u00e4rvi\" rel=\"noopener noreferrer\" href=\"https:\/\/goo.gl\/maps\/WmJ3dofLgtCd68jg7\"> <\/a><span class=\"uagb-icon-list__source-wrap\"><svg xmlns=\"https:\/\/www.w3.org\/2000\/svg\" viewBox=\"0 0 576 512\"><path d=\"M408 120C408 174.6 334.9 271.9 302.8 311.1C295.1 321.6 280.9 321.6 273.2 311.1C241.1 271.9 168 174.6 168 120C168 53.73 221.7 0 288 0C354.3 0 408 53.73 408 120zM288 152C310.1 152 328 134.1 328 112C328 89.91 310.1 72 288 72C265.9 72 248 89.91 248 112C248 134.1 265.9 152 288 152zM425.6 179.8C426.1 178.6 426.6 177.4 427.1 176.1L543.1 129.7C558.9 123.4 576 135 576 152V422.8C576 432.6 570 441.4 560.9 445.1L416 503V200.4C419.5 193.5 422.7 186.7 425.6 179.8zM150.4 179.8C153.3 186.7 156.5 193.5 160 200.4V451.8L32.91 502.7C17.15 508.1 0 497.4 0 480.4V209.6C0 199.8 5.975 190.1 15.09 187.3L137.6 138.3C140 152.5 144.9 166.6 150.4 179.8H150.4zM327.8 331.1C341.7 314.6 363.5 286.3 384 255V504.3L192 449.4V255C212.5 286.3 234.3 314.6 248.2 331.1C268.7 357.6 307.3 357.6 327.8 331.1L327.8 331.1z\"><\/path><\/svg><\/span><span class=\"uagb-icon-list__label\">Helsingintie 925, 31460 Hirsj\u00e4rvi<\/span><\/div>\n<\/div><\/div>\n\n\n\n<div style=\"height:20px\" aria-hidden=\"true\" class=\"wp-block-spacer\"><\/div>\n\n\n\n<div class=\"wp-block-uagb-icon-list uagb-block-83280045\"><div class=\"uagb-icon-list__wrap\">\n<div class=\"wp-block-uagb-icon-list-child uagb-block-0801e20c\"><a target=\"_blank\" aria-label=\"Facebook\" rel=\"noopener noreferrer\" href=\"https:\/\/www.facebook.com\/baddingkioski\"> <\/a><span class=\"uagb-icon-list__source-wrap\"><svg xmlns=\"https:\/\/www.w3.org\/2000\/svg\" viewBox=\"0 0 512 512\"><path d=\"M504 256C504 119 393 8 256 8S8 119 8 256c0 123.8 90.69 226.4 209.3 245V327.7h-63V256h63v-54.64c0-62.15 37-96.48 93.67-96.48 27.14 0 55.52 4.84 55.52 4.84v61h-31.28c-30.8 0-40.41 19.12-40.41 38.73V256h68.78l-11 71.69h-57.78V501C413.3 482.4 504 379.8 504 256z\"><\/path><\/svg><\/span><span class=\"uagb-icon-list__label\">Facebook<\/span><\/div>\n\n\n\n<div class=\"wp-block-uagb-icon-list-child uagb-block-10855468\"><a target=\"_blank\" aria-label=\"Instagram\" rel=\"noopener noreferrer\" href=\"https:\/\/www.instagram.com\/baddingkioski\"> <\/a><span class=\"uagb-icon-list__source-wrap\"><svg xmlns=\"https:\/\/www.w3.org\/2000\/svg\" viewBox=\"0 0 448 512\"><path d=\"M224.1 141c-63.6 0-114.9 51.3-114.9 114.9s51.3 114.9 114.9 114.9S339 319.5 339 255.9 287.7 141 224.1 141zm0 189.6c-41.1 0-74.7-33.5-74.7-74.7s33.5-74.7 74.7-74.7 74.7 33.5 74.7 74.7-33.6 74.7-74.7 74.7zm146.4-194.3c0 14.9-12 26.8-26.8 26.8-14.9 0-26.8-12-26.8-26.8s12-26.8 26.8-26.8 26.8 12 26.8 26.8zm76.1 27.2c-1.7-35.9-9.9-67.7-36.2-93.9-26.2-26.2-58-34.4-93.9-36.2-37-2.1-147.9-2.1-184.9 0-35.8 1.7-67.6 9.9-93.9 36.1s-34.4 58-36.2 93.9c-2.1 37-2.1 147.9 0 184.9 1.7 35.9 9.9 67.7 36.2 93.9s58 34.4 93.9 36.2c37 2.1 147.9 2.1 184.9 0 35.9-1.7 67.7-9.9 93.9-36.2 26.2-26.2 34.4-58 36.2-93.9 2.1-37 2.1-147.8 0-184.8zM398.8 388c-7.8 19.6-22.9 34.7-42.6 42.6-29.5 11.7-99.5 9-132.1 9s-102.7 2.6-132.1-9c-19.6-7.8-34.7-22.9-42.6-42.6-11.7-29.5-9-99.5-9-132.1s-2.6-102.7 9-132.1c7.8-19.6 22.9-34.7 42.6-42.6 29.5-11.7 99.5-9 132.1-9s102.7-2.6 132.1 9c19.6 7.8 34.7 22.9 42.6 42.6 11.7 29.5 9 99.5 9 132.1s2.7 102.7-9 132.1z\"><\/path><\/svg><\/span><span class=\"uagb-icon-list__label\">Instagram<\/span><\/div>\n<\/div><\/div>\n<\/div>\n<\/div>\n\n\n\n<div class=\"wp-block-uagb-container uagb-block-a046726c alignfull uagb-is-root-container\"><div class=\"uagb-container-inner-blocks-wrap\">\n<div class=\"wp-block-uagb-container uagb-block-9a5b6e68\">\n<div class=\"wp-block-columns is-layout-flex wp-container-core-columns-is-layout-28f84493 wp-block-columns-is-layout-flex\">\n<div class=\"wp-block-column is-layout-flow wp-block-column-is-layout-flow\" style=\"flex-basis:25%\">\n<figure class=\"wp-block-image alignright size-medium is-resized has-custom-border uag-hide-tab uag-hide-mob\"><img loading=\"lazy\" decoding=\"async\" width=\"127\" height=\"300\" src=\"https:\/\/www.baddingkioski.fi\/wp-content\/uploads\/2023\/05\/badding_valkoinen-127x300.png\" alt=\"\" class=\"wp-image-1134\" style=\"border-top-color:#ffffff00;border-top-style:none;border-top-width:40px;border-right-color:#ffffff00;border-right-width:40px;border-bottom-color:#ffffff00;border-bottom-style:none;border-bottom-width:40px;border-left-color:#ffffff00;border-left-style:none;border-left-width:40px;width:174px;height:384px\" srcset=\"https:\/\/www.baddingkioski.fi\/wp-content\/uploads\/2023\/05\/badding_valkoinen-127x300.png 127w, https:\/\/www.baddingkioski.fi\/wp-content\/uploads\/2023\/05\/badding_valkoinen-435x1024.png 435w, https:\/\/www.baddingkioski.fi\/wp-content\/uploads\/2023\/05\/badding_valkoinen-768x1809.png 768w, https:\/\/www.baddingkioski.fi\/wp-content\/uploads\/2023\/05\/badding_valkoinen-652x1536.png 652w, https:\/\/www.baddingkioski.fi\/wp-content\/uploads\/2023\/05\/badding_valkoinen-869x2048.png 869w, https:\/\/www.baddingkioski.fi\/wp-content\/uploads\/2023\/05\/badding_valkoinen.png 1276w\" sizes=\"auto, (max-width: 127px) 100vw, 127px\" \/><\/figure>\n<\/div>\n\n\n\n<div class=\"wp-block-column is-layout-flow wp-block-column-is-layout-flow\" style=\"flex-basis:66.66%\">\n<h2 class=\"wp-block-heading has-text-align-left has-ast-global-color-5-color has-text-color\">KIOSKIN TAPAHTUMAT VUONNA 2024<\/h2>\n\n\n\n<p class=\"has-text-align-left has-ast-global-color-5-color has-text-color\"><strong>1.6. Avajaiset,Henrik Illikainen esiintyy klo 12.00<\/strong><br><strong>14.6. Avoimet kyl\u00e4t-tapahtuma<\/strong><br><strong>15.6. Py\u00f6r\u00e4lenkki, l\u00e4ht\u00f6 Badding-pys\u00e4kilt\u00e4 Joensuuntielt\u00e4 klo 12.00<\/strong><br><strong>2.8. Katutanssit, kioski kylill\u00e4<\/strong><br><strong>6.8. Someron tori, kauden p\u00e4\u00e4t\u00f6s<\/strong><\/p>\n<\/div>\n<\/div>\n\n\n\n<p><\/p>\n<\/div>\n<\/div><\/div>\n\n\n\n<div class=\"wp-block-uagb-container uagb-block-02ecb3c8 alignfull uagb-is-root-container\"><div class=\"uagb-container-inner-blocks-wrap\">\n<div class=\"wp-block-uagb-container uagb-block-26367b46\">\n<h2 class=\"wp-block-heading\">Badding-kioskin tarina<\/h2>\n\n\n\n<p>Someron pienin, mutta ehk\u00e4 tunnetuin n\u00e4ht\u00e4vyys on&nbsp;Badding-kioski.&nbsp;<\/p>\n\n\n\n<p>Alun perin kioskia piti Somerjoen perhe. Elina ja Gunnar Somerjoella oli nelj\u00e4 lasta: Kari, Rauli, Mailis ja Raija. Sisarusparveen kuuluu my\u00f6s Helena, joka oli Elina-\u00e4idin nuoruudenaikaisesta suhteesta. P\u00e4\u00e4asiassa Elina-\u00e4idin yll\u00e4pit\u00e4m\u00e4 pieni kioski oli kyl\u00e4n nuorten tapaamispaikka.<\/p>\n\n\n\n<p>&#8221;<em>Me lapset olimme siell\u00e4 auttamassa \u00e4iti\u00e4 silloin t\u00e4ll\u00f6in. Raulikin myi j\u00e4\u00e4tel\u00f6\u00e4&nbsp;rallatellen aina jotain viisua<\/em>&#8221;, Mailis-sisko on kertonut. Toiminnassa kioski oli vuoteen 1975, ja j\u00e4i sen j\u00e4lkeen Helsingintien varren maamerkiksi.<\/p>\n\n\n\n<p>Vuonna 1997 kioskin vuokrasi ja kunnosti sen alkuper\u00e4ist\u00e4 ulkoasua vaalien Someron Yritt\u00e4j\u00e4t ry, jolloin kioskiin saatiin j\u00e4lleen toimintaa. Samalla siit\u00e4&nbsp;muovautui laulajalegendan muistokohde ja t\u00e4rke\u00e4 kes\u00e4ty\u00f6paikka seudun nuorille.<\/p>\n\n\n\n<p>Yhdistys on toiminnan yll\u00e4pidon lis\u00e4ksi rakentanut kioskin yhteyteen pys\u00e4k\u00f6intipaikan, infotaulun, huussin sek\u00e4 p\u00f6yd\u00e4t penkkeineen k\u00e4vij\u00f6it\u00e4 varten.&nbsp;Vanha kioski toimii nyky\u00e4\u00e4n vain n\u00e4ht\u00e4vyyten\u00e4 ja selfieiden ottopaikkana, sill\u00e4 kahvin, herkkujen ja fanituotteiden myyntiin yhdistys hankki erillisen vaunukioskin n\u00e4ht\u00e4vyyden rinnalle.<\/p>\n<\/div>\n\n\n\n<div class=\"wp-block-uagb-container uagb-block-9ecae276\">\n<figure class=\"wp-block-image size-large\"><img loading=\"lazy\" decoding=\"async\" width=\"688\" height=\"1024\" src=\"https:\/\/www.baddingkioski.fi\/wp-content\/uploads\/2023\/05\/Badding1984-688x1024.jpg\" alt=\"\" class=\"wp-image-997\" srcset=\"https:\/\/www.baddingkioski.fi\/wp-content\/uploads\/2023\/05\/Badding1984-688x1024.jpg 688w, https:\/\/www.baddingkioski.fi\/wp-content\/uploads\/2023\/05\/Badding1984-202x300.jpg 202w, https:\/\/www.baddingkioski.fi\/wp-content\/uploads\/2023\/05\/Badding1984-768x1143.jpg 768w, https:\/\/www.baddingkioski.fi\/wp-content\/uploads\/2023\/05\/Badding1984.jpg 852w\" sizes=\"auto, (max-width: 688px) 100vw, 688px\" \/><\/figure>\n<\/div>\n<\/div><\/div>\n\n\n\n<div class=\"wp-block-uagb-container uagb-block-a63680c8 alignfull uagb-is-root-container\"><div class=\"uagb-container-inner-blocks-wrap\">\n<h2 class=\"wp-block-heading has-text-align-center has-ast-global-color-5-color has-text-color\">Tee retki Baddingin el\u00e4m\u00e4\u00e4n<\/h2>\n\n\n\n<div class=\"wp-block-uagb-container uagb-block-e1d05f44\">\n<div class=\"wp-block-uagb-container uagb-block-4597375f\">\n<h3 class=\"wp-block-heading\">somerjokien kioski ja kotitalo Hirsj\u00e4rvell\u00e4<\/h3>\n\n\n\n<p>Somerjoen perikunnan omistaman Badding-kioskin toimintaa py\u00f6ritt\u00e4\u00e4 kes\u00e4isin Someron Yritt\u00e4j\u00e4t. Alun perin Somerjoen kioskina tunnetun kioskin perustivat Rauli Somerjoen vanhemmat Gunnar (1909\u20131962) ja Elina (1915\u20131992) Somerjoki. Kioskia hoitivat my\u00f6s perheen lapset vuorollaan.<\/p>\n\n\n\n<p>Kioskilta johtaa polku Somerjokien kunnostetulle kotitalolle, jonka omistaa perikunta. Vierailu m\u00f6kin pihamaalla on sallittua pihaportin ollessa avoinna. Lis\u00e4ohjeita vierailuun saat kioskilta.<\/p>\n<\/div>\n\n\n\n<div class=\"wp-block-uagb-container uagb-block-2faec756\">\n<h3 class=\"wp-block-heading\">Badding-pys\u00e4kki someron keskustassa<\/h3>\n\n\n\n<p>Joensuuntien ja Kiiruuntien risteyksess\u00e4 sijaitsevan muistomerkin ovat suunnitelleet kuvanveist\u00e4j\u00e4 Seppo Manninen ja graafikko Heikki Paakkanen. Sinkityst\u00e4 ter\u00e4ksest\u00e4 valmistettu muistomerkki muodostuu tyylitellyst\u00e4 linja-autopys\u00e4kist\u00e4 ja siihen nojaavasta yli kaksi metri\u00e4 korkeasta Badding-figuurista. Muistomerkki paljastettiin vuonna 2015 osana <em>Bussi Somerolle<\/em> -tapahtumaa.<\/p>\n\n\n\n<p>Veistos ei toimi oikeana linja-autopys\u00e4kkin\u00e4, mutta sis\u00e4lle saa vapaasti menn\u00e4 istuskelemaan ja sit\u00e4 voi k\u00e4ytt\u00e4\u00e4 my\u00f6s retkipys\u00e4kkin\u00e4, jonka suojissa v\u00e4synyt matkaaja voi lev\u00e4ht\u00e4\u00e4.<\/p>\n<\/div>\n\n\n\n<div class=\"wp-block-uagb-container uagb-block-1681d391\">\n<h3 class=\"wp-block-heading\">Baddingin veljesten hauta<\/h3>\n\n\n\n<p>Rauli Aarre Tapani Somerjoki (30.8.1947\u201314.1.1987) on haudattu Someron vanhalle hautausmaalle (Kirkkotie 1). Ohjeet haudalle l\u00f6ytyv\u00e4t hautausmaan portin tuntumassa olevasta infokyltist\u00e4. Rauli Somerjoen kohtaloksi koitui alkoholimyrkytys.<\/p>\n\n\n\n<p>Laulajan vieress\u00e4 on h\u00e4nen veljens\u00e4 Kari Gunnar Somerjoen (28.2.1946\u201319.6.1989) hauta. Kari Somerjoki oli musiikkitoimittaja. Nuorena h\u00e4n oli mukana Somerolla toimineessa The Five Yes -yhtyeess\u00e4, joka nyky\u00e4\u00e4n muistetaan Rauli Somerjoen ensimm\u00e4isen\u00e4 yhtyeen\u00e4. Kari Somerjoki kuoli 1989 t\u00f6n\u00e4isyyn, jonka seurauksena h\u00e4n kaatui ja l\u00f6i p\u00e4\u00e4ns\u00e4.<\/p>\n<\/div>\n<\/div>\n<\/div><\/div>\n","protected":false},"excerpt":{"rendered":"<p>TERVETULOA PARATIISIIN Sympaattinen ja nostalginen Badding-kioski palvelee kes\u00e4isin Someron Hirsj\u00e4rvell\u00e4, Helsingintien varressa. Myynniss\u00e4 on klassiset kioskiherkut munkista kahviin, lis\u00e4ksi virkist\u00e4vi\u00e4 limonadeja, Isontuvan J\u00e4\u00e4tel\u00f6herkkuja sek\u00e4 Badding-fanituotteita. Kioski on avoinna: Olemme auki ajalla 1.6.\u20132.8.2025ke, to, pe klo 11-18 \/ la-su klo 10-18 OTA YHTEYTT\u00c4! someron@yrittajat.fi KIOSKIN TAPAHTUMAT VUONNA 2024 1.6. Avajaiset,Henrik Illikainen esiintyy klo 12.0014.6. Avoimet kyl\u00e4t-tapahtuma15.6. [&hellip;]<\/p>\n","protected":false},"author":1,"featured_media":0,"parent":0,"menu_order":0,"comment_status":"closed","ping_status":"closed","template":"","meta":{"_uag_custom_page_level_css":"","site-sidebar-layout":"default","site-content-layout":"","ast-site-content-layout":"default","site-content-style":"default","site-sidebar-style":"default","ast-global-header-display":"","ast-banner-title-visibility":"","ast-main-header-display":"","ast-hfb-above-header-display":"","ast-hfb-below-header-display":"","ast-hfb-mobile-header-display":"","site-post-title":"disabled","ast-breadcrumbs-content":"","ast-featured-img":"","footer-sml-layout":"","theme-transparent-header-meta":"","adv-header-id-meta":"","stick-header-meta":"","header-above-stick-meta":"","header-main-stick-meta":"","header-below-stick-meta":"","astra-migrate-meta-layouts":"set","ast-page-background-enabled":"default","ast-page-background-meta":{"desktop":{"background-color":"var(--ast-global-color-4)","background-image":"","background-repeat":"repeat","background-position":"center center","background-size":"auto","background-attachment":"scroll","background-type":"","background-media":"","overlay-type":"","overlay-color":"","overlay-opacity":"","overlay-gradient":""},"tablet":{"background-color":"","background-image":"","background-repeat":"repeat","background-position":"center center","background-size":"auto","background-attachment":"scroll","background-type":"","background-media":"","overlay-type":"","overlay-color":"","overlay-opacity":"","overlay-gradient":""},"mobile":{"background-color":"","background-image":"","background-repeat":"repeat","background-position":"center center","background-size":"auto","background-attachment":"scroll","background-type":"","background-media":"","overlay-type":"","overlay-color":"","overlay-opacity":"","overlay-gradient":""}},"ast-content-background-meta":{"desktop":{"background-color":"var(--ast-global-color-5)","background-image":"","background-repeat":"repeat","background-position":"center center","background-size":"auto","background-attachment":"scroll","background-type":"","background-media":"","overlay-type":"","overlay-color":"","overlay-opacity":"","overlay-gradient":""},"tablet":{"background-color":"var(--ast-global-color-5)","background-image":"","background-repeat":"repeat","background-position":"center center","background-size":"auto","background-attachment":"scroll","background-type":"","background-media":"","overlay-type":"","overlay-color":"","overlay-opacity":"","overlay-gradient":""},"mobile":{"background-color":"var(--ast-global-color-5)","background-image":"","background-repeat":"repeat","background-position":"center center","background-size":"auto","background-attachment":"scroll","background-type":"","background-media":"","overlay-type":"","overlay-color":"","overlay-opacity":"","overlay-gradient":""}},"_themeisle_gutenberg_block_has_review":false,"footnotes":""},"class_list":["post-429","page","type-page","status-publish","hentry"],"uagb_featured_image_src":{"full":false,"thumbnail":false,"medium":false,"medium_large":false,"large":false,"1536x1536":false,"2048x2048":false},"uagb_author_info":{"display_name":"admin","author_link":"https:\/\/www.baddingkioski.fi\/index.php\/author\/admin\/"},"uagb_comment_info":0,"uagb_excerpt":"TERVETULOA PARATIISIIN Sympaattinen ja nostalginen Badding-kioski palvelee kes\u00e4isin Someron Hirsj\u00e4rvell\u00e4, Helsingintien varressa. Myynniss\u00e4 on klassiset kioskiherkut munkista kahviin, lis\u00e4ksi virkist\u00e4vi\u00e4 limonadeja, Isontuvan J\u00e4\u00e4tel\u00f6herkkuja sek\u00e4 Badding-fanituotteita. Kioski on avoinna: Olemme auki ajalla 1.6.\u20132.8.2025ke, to, pe klo 11-18 \/ la-su klo 10-18 OTA YHTEYTT\u00c4! someron@yrittajat.fi KIOSKIN TAPAHTUMAT VUONNA 2024 1.6. Avajaiset,Henrik Illikainen esiintyy klo 12.0014.6. Avoimet kyl\u00e4t-tapahtuma15.6.&hellip;","_links":{"self":[{"href":"https:\/\/www.baddingkioski.fi\/index.php\/wp-json\/wp\/v2\/pages\/429","targetHints":{"allow":["GET"]}}],"collection":[{"href":"https:\/\/www.baddingkioski.fi\/index.php\/wp-json\/wp\/v2\/pages"}],"about":[{"href":"https:\/\/www.baddingkioski.fi\/index.php\/wp-json\/wp\/v2\/types\/page"}],"author":[{"embeddable":true,"href":"https:\/\/www.baddingkioski.fi\/index.php\/wp-json\/wp\/v2\/users\/1"}],"replies":[{"embeddable":true,"href":"https:\/\/www.baddingkioski.fi\/index.php\/wp-json\/wp\/v2\/comments?post=429"}],"version-history":[{"count":140,"href":"https:\/\/www.baddingkioski.fi\/index.php\/wp-json\/wp\/v2\/pages\/429\/revisions"}],"predecessor-version":[{"id":1217,"href":"https:\/\/www.baddingkioski.fi\/index.php\/wp-json\/wp\/v2\/pages\/429\/revisions\/1217"}],"wp:attachment":[{"href":"https:\/\/www.baddingkioski.fi\/index.php\/wp-json\/wp\/v2\/media?parent=429"}],"curies":[{"name":"wp","href":"https:\/\/api.w.org\/{rel}","templated":true}]}}